{"id":812,"date":"2023-03-31T02:45:50","date_gmt":"2023-03-31T02:45:50","guid":{"rendered":"https:\/\/mirjanamikulec.com\/politika-privatnosti\/"},"modified":"2023-03-31T02:45:50","modified_gmt":"2023-03-31T02:45:50","slug":"politika-privatnosti","status":"publish","type":"page","link":"https:\/\/mirjanamikulec.com\/hr\/politika-privatnosti\/","title":{"rendered":"Politika privatnosti"},"content":{"rendered":"<h4 id=\"-terms-of-use-\"><em>Op\u0107i uvjeti<\/em><\/h4>\n<p><strong>Uvjeti kori\u0161tenja web stranice mirjanamikulec.com<\/strong><\/p>\n<p><strong>Osnovna pravila<\/strong><\/p>\n<p>Web stranica mirjanamikulec.com (dalje: Web stranica) je u vlasni\u0161tvu dru\u0161tva Domus nobilis d.o.o. sa sjedi\u0161tem u Zagrebu, kneza Borne 24\/3, OIB 95477203184, (dalje: Vlasnik web stranice ili Dru\u0161tvo).<\/p>\n<p>U daljnjem tekstu poja\u0161njeni su uvjeti pod kojima se prikupljaju i koriste podaci koje ste, kao korisnik dostavili putem e-maila ili obrasca.<\/p>\n<p>Prikupljamo samo nu\u017ene, osnovne i podatke o korisnicima koji su propisani Zakonom.<br \/>\nRedovito dajemo kupcima mogu\u0107nost izbora o upotrebi njihovih podataka, uklju\u010duju\u0107i mogu\u0107nost odluke \u017eele li ili ne da se njihovo ime ukloni s lista koje se koriste za marketin\u0161ke kampanje. Svi se podaci o korisnicima strogo \u010duvaju i dostupni su samo djelatnicima kojima su ti podaci nu\u017eni za obavljanje posla.<\/p>\n<p><strong>Svrha prikupljanja podataka<\/strong><\/p>\n<p>Svi dostavljeni podaci od korisnika smiju se koristiti za potrebe informiranja o ponudi Vlasnika web stranice.<\/p>\n<p>Korisnik je suglasan da mu se na periodi\u010dkoj bazi \u0161alju informacije o aktivnostima i ponudi.<br \/>\nSvi se podaci o korisnicima strogo \u010duvaju i dostupni su samo osobama kojima su ti podaci nu\u017eni za obavljanje posla, a sve u skladu s Op\u0107om uredbom o za\u0161titi osobnih podataka (GDPR). Korisnici imaju mogu\u0107nost izbora o upotrebi njihovih podataka, uklju\u010duju\u0107i mogu\u0107nost da se njihovi podaci uklone, ako to zatra\u017ee.<\/p>\n<p>Ni u kojem slu\u010daju podaci korisnika se ne\u0107e dostavljati, niti razotkriti tre\u0107im osobama. Od navedenog se izuzima uvid od strane ovla\u0161tenih slu\u017ebi izvr\u0161ne i sudske vlasti Republike Hrvatske, za potrebe istra\u017enih radnji temeljem valjanog sudskog naloga.<\/p>\n<p><strong>Prikupljanje informacije i njihova uporaba<\/strong><\/p>\n<ol>\n<li>Vi kao korisnik osiguravate da su Va\u0161i osobni\/kontakt podaci kompletni i to\u010dni. Vi tako\u0111er garantirate da ste punoljetni i poslovno sposobni za kori\u0161tenje ove Web stranice.<\/li>\n<li>Va\u0161i osobni podaci bit \u0107e kori\u0161teni samo radi dovo\u0111enja u vezu sa uslugama Vlasnika web stranice te u svrhu sklapanja odgovaraju\u0107eg ugovora, a sve sukladno Op\u0107oj uredbi o za\u0161titi osobnih podataka (GDPR).<\/li>\n<li>Vlasnik web stranice mirjanamikulec.com \u010dini sve kako bi za\u0161titio privatnost svojih korisnika.<\/li>\n<li>Vlasnik web stranice ima pravo, na temelju izri\u010dite privole korisnika, upotrijebiti e-mail adresu korisnika , koju korisnik navodi kao svoj osobni podatak, u svrhu slanja obavijesti o aktivnostima i ponudi, kao i ostalim vrstama obavijesti vezanim uz Vlasnika web stranice.<\/li>\n<li>Ova web stranica mo\u017ee sadr\u017eavati linkove prema drugim stranicama koje nisu u vlasni\u0161tvu Vlasnika web stranice Za vrijeme posjeta drugim stranicama, Vi ste predmetom privatnih pravila i regulacije stranice na kojoj se nalazite. Vi prihva\u0107ate na znanje da Vlasnik web stranice mirjanamikulec.com nije razvio tu drugu stranicu, te nema utjecaja na nju, i ne snosi odgovornost za sadr\u017eaj koji je ondje objavljen.<\/li>\n<li>Ako se ne sla\u017eete da budete ograni\u010deni prethodnim \u010dlancima, mi Vam \u010dvrsto savjetujemo da ne koristite stranice mirjanamikulec.com.<\/li>\n<\/ol>\n<p><strong>Za\u0161tita autorskih prava i drugih prava intelektualnog vlasni\u0161tva<\/strong><\/p>\n<ol>\n<li>Prava koja se odnose na ovu web stranicu uklju\u010duju tekst, slike, format, baze podataka, i sve ostale (stati\u010dke, video i\/ili animirane) materijale, zvukove, formate, software, nazive (uklju\u010duju\u0107i i domenu) koji pripadaju Vlasniku web stranice i realizirani su od strane Vlasnika web stranice uz dozvolu pru\u017eatelja usluge i\/ili klijenta.<\/li>\n<li>Nije dozvoljena promjena, umno\u017eavanje, distribuiranje, prodaja ni jednog dijela stranice ili softwarea ove web stranice osim bez izri\u010dite prethodne pisane suglasnosti Vlasnika web stranice.<\/li>\n<li>Korisnik je slobodan koristiti sadr\u017eaj web stranice za nekomercijalnu upotrebu. Nije dopu\u0161teno distribuiranje kopija ovih stranica ili omogu\u0107avanje njihove dostupnosti tre\u0107im osobama na bilo koji na\u010din, osim kopiranje sadr\u017eaja stranica i pretra\u017eivanje na osobnom ra\u010dunalu, i\/ili printanje jedne kopije.<\/li>\n<\/ol>\n<p><strong>Isklju\u010denje korisnika<\/strong><\/p>\n<p>Vlasnik web stranice zadr\u017eava pravo isklju\u010diti iz daljnje uporabe ovih stranica, onog korisnika koji na bilo koji na\u010din kr\u0161i ova pravila i uvjete, ili na bilo koji drugi na\u010din usporava ili ometa rad stranice.mirjanamikulec.com. Tako\u0111er zadr\u017eava pravo poduzeti odgovaraju\u0107e pravne mjere protiv takvih korisnika, te zahtijevati naknadu za nastalu \u0161tetu ili gubitak.<\/p>\n<p>Vlasnik web stranice zadr\u017eava pravo isklju\u010diti iz daljnje uporabe ovih stranica onog korisnika koji zloupotrebljava podatke objavljenje na ovim stranicama, ili na bilo koji na\u010din neovla\u0161teno koristi stranice.<\/p>\n<p>Gore navedeni postupci su pravno ka\u017enjivi, te \u0107e u takvim slu\u010dajevima Vlasnik web stranice poduzeti sve pravne mjere kako bi za\u0161titio sebe i svoje korisnike.<\/p>\n<p><strong>Odgovornost<\/strong><\/p>\n<p>Vlasnik web stranice se, do maksimalne zakonom dopu\u0161tene odgovornosti, izuzima od bilo kakve \u0161tete, gubitka ili ozljede koji mogu nastati izravno ili posredno zbog:<\/p>\n<ul>\n<li>kori\u0161tenja web stranice;<\/li>\n<li>kori\u0161tenja stranica na koje vode linkovi sa stranice mirjanamikulec.com;<\/li>\n<li>informacija na stranici mirjanamikulec.com;<\/li>\n<li>postupaka koji su poduzeti ili nisu poduzeti u vezi s informacijama na stranici mirjanamikulec.com;<\/li>\n<li>porabe, nedostupnosti, nemogu\u0107nosti uporabe ili zlouporabe stranice mirjanamikulec.com;<\/li>\n<li>uklanjanja ili neobjavljivanja oglasa i sadr\u017eaja koji nisu u skladu s Uvjetima stranice mirjanamikulec.com.<\/li>\n<\/ul>\n<p>Vlasnik web stranice se ne mo\u017ee smatrati odgovornim vama ni tre\u0107im osobama za bilo kakvu \u0161tetu, gubitak ili ozljedu koji nastaju izravno ili posredno zbog va\u0161ega pristupa i va\u0161eg kori\u0161tenja ovih stranica ili stranica na koje vode linkovi s ove web stranice, odnosno zbog informacija na ovim stranicama, kao ni zbog postupaka koji su poduzeti ili nisu poduzeti u vezi s informacijama na ovim stranicama, kao ni zbog va\u0161e uporabe (ili nemogu\u0107nosti da rabite) bilo koje od ovih stranica Nadalje, vlasnik web stranice ne mo\u017ee snositi nikakvu odgovornost u odnosu na Vas zbog bilo kojeg sadr\u017eaja prikazanog na stranicama tre\u0107ih na koje Vam mo\u017ee dopustiti povremen pristup. Bilo koji takav pristup ne mo\u017ee se niti se ne\u0107e tuma\u010diti u smislu da predstavlja vezu s vlasnikom web stranice, niti da Vlasnik web stranice podupire takve stranice. . Korisnik takvim stranicama pristupa na vlastiti rizik.<\/p>\n<p><strong>Politika kola\u010di\u0107a (cookies)<\/strong><\/p>\n<p>Kako bi internetska stranica radila ispravno te kako bi ju se moglo unaprje\u0111ivati u svrhu pobolj\u0161anja va\u0161eg iskustva pregledavanja, potrebno je minimalnu koli\u010dinu informacija (cookies) spremiti na va\u0161e ra\u010dunalo. Vi\u0161e od 90% internetskih stranica koristi praksu kola\u010di\u0107a te su po pravilima Europske unije obvezne zatra\u017eiti pristanak korisnika. Kori\u0161tenjem ove internetske stranice pristajete na uporabu kola\u010di\u0107a, \u010dijim blokiranjem i dalje mo\u017eete pregledavati stranicu, no neke njezine mogu\u0107nosti ne\u0107e biti funkcionalne.<\/p>\n<p>\u0160to je kola\u010di\u0107?<\/p>\n<p>Kola\u010di\u0107 je informacija spremljena na osobno ra\u010dunalo u trenutku pregledavanja internetske stranice koju ste posjetili. Kola\u010di\u0107i omogu\u0107uju jednostavnije kori\u0161tenje budu\u0107i da spremaju Va\u0161e postavke za internetsku stranicu (jezik ili adresa) te ih pri ponovnom pokretanju iste iznova aktiviraju. Na taj na\u010din informacije su prilago\u0111ene Va\u0161im potrebama i uobi\u010dajenim na\u010dinima kori\u0161tenja.<\/p>\n<p>Od jednostavnih informacija o postavkama, kola\u010di\u0107i mogu spremiti i velik broj osobnih informacija (ime, e-mail adresa) za koje Vi u potpunosti morate dati pristup. Ukoliko im Vi to niste omogu\u0107ili, utoliko kola\u010di\u0107i ne mogu pristupiti datotekama na Va\u0161em ra\u010dunalu. Activities for saving and sending cookies are not visible to you. Aktivnosti spremanja i slanja kola\u010di\u0107a Vama nisu vidljive, me\u0111utim mo\u017eete u postavkama izabranog internetskog preglednika odabrati mogu\u0107nost odobravanja\/odbijanja zahtjeva za spremanje kola\u010di\u0107a, brisanje spremljenih kola\u010di\u0107a i druge aktivnosti vezane uz kori\u0161tenje kola\u010di\u0107a.<\/p>\n<p>Kako onemogu\u0107iti kola\u010di\u0107e?<\/p>\n<p>Isklju\u010divanjem kola\u010di\u0107a ne dopu\u0161tate pohranjivanje istih na vlastitom ra\u010dunalu. Postavke kola\u010di\u0107a mogu se konfigurirati i mijenjati u izabranom internetskom pregledniku. Kako biste vidjeli postavke, odaberite preglednik koji koristite (Chrome, Firefox, Internet Explorer 9, Internet Explorer 7 i 8 te Operu ili Safari (stranice na engleskom jeziku). Ukoliko onemogu\u0107ite kola\u010di\u0107e, utoliko ne\u0107ete biti u mogu\u0107nosti koristiti odre\u0111ene funkcionalnosti internetskih stranica.<\/p>\n<p>\u0160to su privremeni kola\u010di\u0107i?<\/p>\n<p>Privremeni kola\u010di\u0107i, ili kola\u010di\u0107i sesije, uklanjanju se s va\u0161eg osobnog ra\u010dunala u trenutku zatvaranja internetskog preglednika u kojem ste pregledavali internetsku stranicu. Uz pomo\u0107 ovih kola\u010di\u0107a, stranice pohranjuju privremene podatke.<\/p>\n<p>\u0160to su stalni kola\u010di\u0107i?<\/p>\n<p>Stalni, ili spremljeni, kola\u010di\u0107i ostaju na Va\u0161em osobnom ra\u010dunalu i nakon zatvaranja internetskog preglednika. Uz pomo\u0107 ovih kola\u010di\u0107a internetske stranice pohranjuju podatke kako bi Vam se olak\u0161alo kori\u0161tenje. rimjerice, internetske stranice koje zahtijevaju unos korisni\u010dkog imena i lozinke \u201dzapamtit\u201d \u0107e va\u0161 unos koji \u0107e se pojavljivati pri svakom novom posjetu istim. Stalni kola\u010di\u0107i ostat \u0107e zabilje\u017eeni na ra\u010dunalu danima, mjesecima ili godinama.<\/p>\n<p>\u0160to su kola\u010di\u0107i od prve strane?<\/p>\n<p>Kola\u010di\u0107i od prve strane dolaze s internetske stranice koju pregledavate, a mogu biti privremeni ili stalni. Na taj na\u010din, internetske stranice pohranjuju podatke koji \u0107e Vam olak\u0161ati kori\u0161tenje pri svakom novom posjetu toj internetskoj stranici.<\/p>\n<p>\u0160to su kola\u010di\u0107i tre\u0107e strane?<\/p>\n<p>Kola\u010di\u0107i tre\u0107e strane na Va\u0161e ra\u010dunalo dolaze s drugih web mjesta koje se nalaze na internetskoj stranici koju pregledavate. Rije\u010d je o primjerice pop-up oglasima, a kola\u010di\u0107i tu imaju ulogu pra\u0107enja internetskih stranica u ogla\u0161iva\u010dke svrhe.<\/p>\n<p>Koristi li ova web stranica kola\u010di\u0107e?<\/p>\n<p>Da, ova internetska stranica koristi kola\u010di\u0107e kako bi Vam osigurala jednostavnije i bolje korisni\u010dko iskustvo.<\/p>\n<p>Kakve kola\u010di\u0107e koristi ova web stranica?<\/p>\n<ul>\n<li>Privremene kola\u010di\u0107e (Session cookies) \u2013 rije\u010d je o kola\u010di\u0107ima koji \u0107e se automatski izbrisati prilikom zatvaranja internetskog preglednika u kojem radite;<\/li>\n<li>Stalne kola\u010di\u0107e (Persistent cookies) \u2013 rije\u010d je o kola\u010di\u0107ima koji \u0107e ostati \u201dzabilje\u017eeni\u201d u va\u0161em internetskom pregledniku dok ne isteknu ili ih sami ru\u010dno ne izbri\u0161ete. Prikupljene informacije su anonimne, a ne uklju\u010duju va\u0161e privatne podatke.<\/li>\n<\/ul>\n<p>Ima li na web stranici kola\u010di\u0107a tre\u0107e strane?<\/p>\n<p>Postoji nekoliko vanjskih servisa koji Vam spremaju ograni\u010dene kola\u010di\u0107e, a isti nije postavila ova internetska stranica. Limitirani kola\u010di\u0107i slu\u017ee za nesmetano kori\u0161tenje mogu\u0107nosti koje korisnicima osiguravaju jednostavan pristup sadr\u017eaju. Ova stranica omogu\u0107uje:<\/p>\n<ul>\n<li>Mjerenje posje\u0107enosti.<\/li>\n<\/ul>\n<p>Stranica koristi Google Analytics \u2013 servis za mjerenje posje\u0107enosti. Ukoliko \u017eelite onemogu\u0107iti spremanje kola\u010di\u0107a od strane ovog servisa, zabranite ih na slijede\u0107em linku: Google Analytics \u2013 <a href=\"https:\/\/tools.google.com\/dlpage\/gaoptout\">https:\/\/tools.google.com\/dlpage\/gaoptout<\/a>.<\/p>\n<p>Dodatne informacija oko isklju\u010divanja kola\u010di\u0107a<\/p>\n<p>Postoji nekoliko internetskih stranica za isklju\u010divanje pohranjivanja kola\u010di\u0107a za razli\u010dite servise. Vi\u0161e informacija pro\u010ditajte na sljede\u0107im linkovima:<br \/>\n<a href=\"http:\/\/www.allaboutcookies.org\/\">http:\/\/www.allaboutcookies.org\/<\/a><br \/>\n<a href=\"http:\/\/www.youronlinechoices.eu\/\">http:\/\/www.youronlinechoices.eu\/ <\/a><\/p>\n<p><strong>Zavr\u0161ne odredbe<\/strong><\/p>\n<p>Vlasnik ove web stranice zadr\u017eava pravo promjena, modifikacija i dopuna uvjeta kori\u0161tenja ovih stranica u bilo kojem trenutku. Promjene stupaju na snagu u trenutku objave.<\/p>\n<p>Ovi Uvjeti kori\u0161tenja web stranice primjenjuju se i vrijede od dana 3.4.2023. godine.<\/p>\n<p>Sve primjedbe uz \u010dlanak 10. Zakona o za\u0161titi potro\u0161a\u010da mo\u017eete dostaviti u pisanom obliku na adresu sjedi\u0161ta dru\u0161tva ili putem e-po\u0161te slijedom ni\u017ee navedenih podataka o dru\u0161tvu:<\/p>\n<p>Domus nobilis d.o.o.<\/p>\n<p>Address: kneza Borne 24\/3, 10 000 Zagreb<\/p>\n<p>E-po\u0161ta: info@mmi.hr<\/p>\n<p>Telefon: 00385 1 2301 330<\/p>\n<p>Dru\u0161tvo je upisano u sudski registar kod Trgova\u010dkog suda u Zagrebu, MBS: 080574255, OIB 95477203184,<\/p>\n<p>Temeljni kapital iznosi 20.000,00 kuna i upla\u0107en je u cijelosti.<\/p>\n<p>Za sve zahtjeve i sporove koji bi mogli proiza\u0107i iz kori\u0161tenja ovih Uvjeta, stvarno je nadle\u017ean sud u Zagrebu.<\/p>\n","protected":false},"excerpt":{"rendered":"<p>Op\u0107i uvjeti Uvjeti kori\u0161tenja web stranice mirjanamikulec.com Osnovna pravila Web stranica mirjanamikulec.com (dalje: Web stranica) je u vlasni\u0161tvu dru\u0161tva Domus nobilis d.o.o. sa sjedi\u0161tem u Zagrebu, kneza Borne 24\/3, OIB 95477203184, (dalje: Vlasnik web stranice ili Dru\u0161tvo). U daljnjem tekstu poja\u0161njeni su uvjeti pod kojima se prikupljaju i koriste podaci [&hellip;]<\/p>\n","protected":false},"author":7,"featured_media":0,"parent":0,"menu_order":0,"comment_status":"closed","ping_status":"open","template":"","meta":{"footnotes":""},"class_list":["post-812","page","type-page","status-publish","hentry"],"yoast_head":"<!-- This site is optimized with the Yoast SEO plugin v24.7 - https:\/\/yoast.com\/wordpress\/plugins\/seo\/ -->\n<title>Politika privatnosti | Mirjana Mikulec Interior Design<\/title>\n<meta name=\"robots\" content=\"index, follow, max-snippet:-1, max-image-preview:large, max-video-preview:-1\" \/>\n<link rel=\"canonical\" href=\"https:\/\/mirjanamikulec.com\/hr\/politika-privatnosti\/\" \/>\n<meta property=\"og:locale\" content=\"hr_HR\" \/>\n<meta property=\"og:type\" content=\"article\" \/>\n<meta property=\"og:title\" content=\"Politika privatnosti | Mirjana Mikulec Interior Design\" \/>\n<meta property=\"og:description\" content=\"Op\u0107i uvjeti Uvjeti kori\u0161tenja web stranice mirjanamikulec.com Osnovna pravila Web stranica mirjanamikulec.com (dalje: Web stranica) je u vlasni\u0161tvu dru\u0161tva Domus nobilis d.o.o. sa sjedi\u0161tem u Zagrebu, kneza Borne 24\/3, OIB 95477203184, (dalje: Vlasnik web stranice ili Dru\u0161tvo). U daljnjem tekstu poja\u0161njeni su uvjeti pod kojima se prikupljaju i koriste podaci [&hellip;]\" \/>\n<meta property=\"og:url\" content=\"https:\/\/mirjanamikulec.com\/hr\/politika-privatnosti\/\" \/>\n<meta property=\"og:site_name\" content=\"Mirjana Mikulec Interior Design\" \/>\n<meta property=\"article:publisher\" content=\"https:\/\/www.facebook.com\/mirjanamikulecinterijeri\" \/>\n<meta property=\"og:image\" content=\"https:\/\/mirjanamikulec.com\/wp-content\/uploads\/2023\/05\/MMI-INTERIOR-DESIGN-Paris-London-Zagreb-LOGO.png\" \/>\n\t<meta property=\"og:image:width\" content=\"1050\" \/>\n\t<meta property=\"og:image:height\" content=\"670\" \/>\n\t<meta property=\"og:image:type\" content=\"image\/png\" \/>\n<meta name=\"twitter:card\" content=\"summary_large_image\" \/>\n<meta name=\"twitter:label1\" content=\"Procijenjeno vrijeme \u010ditanja\" \/>\n\t<meta name=\"twitter:data1\" content=\"10 minuta\" \/>\n<script type=\"application\/ld+json\" class=\"yoast-schema-graph\">{\"@context\":\"https:\/\/schema.org\",\"@graph\":[{\"@type\":\"WebPage\",\"@id\":\"https:\/\/mirjanamikulec.com\/hr\/politika-privatnosti\/\",\"url\":\"https:\/\/mirjanamikulec.com\/hr\/politika-privatnosti\/\",\"name\":\"Politika privatnosti | Mirjana Mikulec Interior Design\",\"isPartOf\":{\"@id\":\"https:\/\/mirjanamikulec.com\/hr\/#website\"},\"datePublished\":\"2023-03-31T02:45:50+00:00\",\"breadcrumb\":{\"@id\":\"https:\/\/mirjanamikulec.com\/hr\/politika-privatnosti\/#breadcrumb\"},\"inLanguage\":\"hr\",\"potentialAction\":[{\"@type\":\"ReadAction\",\"target\":[\"https:\/\/mirjanamikulec.com\/hr\/politika-privatnosti\/\"]}]},{\"@type\":\"BreadcrumbList\",\"@id\":\"https:\/\/mirjanamikulec.com\/hr\/politika-privatnosti\/#breadcrumb\",\"itemListElement\":[{\"@type\":\"ListItem\",\"position\":1,\"name\":\"Home\",\"item\":\"https:\/\/mirjanamikulec.com\/hr\/\"},{\"@type\":\"ListItem\",\"position\":2,\"name\":\"Politika privatnosti\"}]},{\"@type\":\"WebSite\",\"@id\":\"https:\/\/mirjanamikulec.com\/hr\/#website\",\"url\":\"https:\/\/mirjanamikulec.com\/hr\/\",\"name\":\"Mirjana Mikulec\",\"description\":\"Interior Design\",\"publisher\":{\"@id\":\"https:\/\/mirjanamikulec.com\/hr\/#organization\"},\"potentialAction\":[{\"@type\":\"SearchAction\",\"target\":{\"@type\":\"EntryPoint\",\"urlTemplate\":\"https:\/\/mirjanamikulec.com\/hr\/?s={search_term_string}\"},\"query-input\":{\"@type\":\"PropertyValueSpecification\",\"valueRequired\":true,\"valueName\":\"search_term_string\"}}],\"inLanguage\":\"hr\"},{\"@type\":\"Organization\",\"@id\":\"https:\/\/mirjanamikulec.com\/hr\/#organization\",\"name\":\"Mirjana Mikulec\",\"url\":\"https:\/\/mirjanamikulec.com\/hr\/\",\"logo\":{\"@type\":\"ImageObject\",\"inLanguage\":\"hr\",\"@id\":\"https:\/\/mirjanamikulec.com\/hr\/#\/schema\/logo\/image\/\",\"url\":\"https:\/\/mirjanamikulec.com\/wp-content\/uploads\/2023\/03\/Mirjana_Mikulec_logo_1x.png\",\"contentUrl\":\"https:\/\/mirjanamikulec.com\/wp-content\/uploads\/2023\/03\/Mirjana_Mikulec_logo_1x.png\",\"width\":342,\"height\":89,\"caption\":\"Mirjana Mikulec\"},\"image\":{\"@id\":\"https:\/\/mirjanamikulec.com\/hr\/#\/schema\/logo\/image\/\"},\"sameAs\":[\"https:\/\/www.facebook.com\/mirjanamikulecinterijeri\",\"https:\/\/www.instagram.com\/mirjana_mikulec\/\"]}]}<\/script>\n<!-- \/ Yoast SEO plugin. -->","yoast_head_json":{"title":"Politika privatnosti | Mirjana Mikulec Interior Design","robots":{"index":"index","follow":"follow","max-snippet":"max-snippet:-1","max-image-preview":"max-image-preview:large","max-video-preview":"max-video-preview:-1"},"canonical":"https:\/\/mirjanamikulec.com\/hr\/politika-privatnosti\/","og_locale":"hr_HR","og_type":"article","og_title":"Politika privatnosti | Mirjana Mikulec Interior Design","og_description":"Op\u0107i uvjeti Uvjeti kori\u0161tenja web stranice mirjanamikulec.com Osnovna pravila Web stranica mirjanamikulec.com (dalje: Web stranica) je u vlasni\u0161tvu dru\u0161tva Domus nobilis d.o.o. sa sjedi\u0161tem u Zagrebu, kneza Borne 24\/3, OIB 95477203184, (dalje: Vlasnik web stranice ili Dru\u0161tvo). U daljnjem tekstu poja\u0161njeni su uvjeti pod kojima se prikupljaju i koriste podaci [&hellip;]","og_url":"https:\/\/mirjanamikulec.com\/hr\/politika-privatnosti\/","og_site_name":"Mirjana Mikulec Interior Design","article_publisher":"https:\/\/www.facebook.com\/mirjanamikulecinterijeri","og_image":[{"width":1050,"height":670,"url":"https:\/\/mirjanamikulec.com\/wp-content\/uploads\/2023\/05\/MMI-INTERIOR-DESIGN-Paris-London-Zagreb-LOGO.png","type":"image\/png"}],"twitter_card":"summary_large_image","twitter_misc":{"Procijenjeno vrijeme \u010ditanja":"10 minuta"},"schema":{"@context":"https:\/\/schema.org","@graph":[{"@type":"WebPage","@id":"https:\/\/mirjanamikulec.com\/hr\/politika-privatnosti\/","url":"https:\/\/mirjanamikulec.com\/hr\/politika-privatnosti\/","name":"Politika privatnosti | Mirjana Mikulec Interior Design","isPartOf":{"@id":"https:\/\/mirjanamikulec.com\/hr\/#website"},"datePublished":"2023-03-31T02:45:50+00:00","breadcrumb":{"@id":"https:\/\/mirjanamikulec.com\/hr\/politika-privatnosti\/#breadcrumb"},"inLanguage":"hr","potentialAction":[{"@type":"ReadAction","target":["https:\/\/mirjanamikulec.com\/hr\/politika-privatnosti\/"]}]},{"@type":"BreadcrumbList","@id":"https:\/\/mirjanamikulec.com\/hr\/politika-privatnosti\/#breadcrumb","itemListElement":[{"@type":"ListItem","position":1,"name":"Home","item":"https:\/\/mirjanamikulec.com\/hr\/"},{"@type":"ListItem","position":2,"name":"Politika privatnosti"}]},{"@type":"WebSite","@id":"https:\/\/mirjanamikulec.com\/hr\/#website","url":"https:\/\/mirjanamikulec.com\/hr\/","name":"Mirjana Mikulec","description":"Interior Design","publisher":{"@id":"https:\/\/mirjanamikulec.com\/hr\/#organization"},"potentialAction":[{"@type":"SearchAction","target":{"@type":"EntryPoint","urlTemplate":"https:\/\/mirjanamikulec.com\/hr\/?s={search_term_string}"},"query-input":{"@type":"PropertyValueSpecification","valueRequired":true,"valueName":"search_term_string"}}],"inLanguage":"hr"},{"@type":"Organization","@id":"https:\/\/mirjanamikulec.com\/hr\/#organization","name":"Mirjana Mikulec","url":"https:\/\/mirjanamikulec.com\/hr\/","logo":{"@type":"ImageObject","inLanguage":"hr","@id":"https:\/\/mirjanamikulec.com\/hr\/#\/schema\/logo\/image\/","url":"https:\/\/mirjanamikulec.com\/wp-content\/uploads\/2023\/03\/Mirjana_Mikulec_logo_1x.png","contentUrl":"https:\/\/mirjanamikulec.com\/wp-content\/uploads\/2023\/03\/Mirjana_Mikulec_logo_1x.png","width":342,"height":89,"caption":"Mirjana Mikulec"},"image":{"@id":"https:\/\/mirjanamikulec.com\/hr\/#\/schema\/logo\/image\/"},"sameAs":["https:\/\/www.facebook.com\/mirjanamikulecinterijeri","https:\/\/www.instagram.com\/mirjana_mikulec\/"]}]}},"_links":{"self":[{"href":"https:\/\/mirjanamikulec.com\/hr\/wp-json\/wp\/v2\/pages\/812","targetHints":{"allow":["GET"]}}],"collection":[{"href":"https:\/\/mirjanamikulec.com\/hr\/wp-json\/wp\/v2\/pages"}],"about":[{"href":"https:\/\/mirjanamikulec.com\/hr\/wp-json\/wp\/v2\/types\/page"}],"author":[{"embeddable":true,"href":"https:\/\/mirjanamikulec.com\/hr\/wp-json\/wp\/v2\/users\/7"}],"replies":[{"embeddable":true,"href":"https:\/\/mirjanamikulec.com\/hr\/wp-json\/wp\/v2\/comments?post=812"}],"version-history":[{"count":0,"href":"https:\/\/mirjanamikulec.com\/hr\/wp-json\/wp\/v2\/pages\/812\/revisions"}],"wp:attachment":[{"href":"https:\/\/mirjanamikulec.com\/hr\/wp-json\/wp\/v2\/media?parent=812"}],"curies":[{"name":"wp","href":"https:\/\/api.w.org\/{rel}","templated":true}]}}