{"id":2703,"date":"2023-11-19T20:30:35","date_gmt":"2023-11-19T20:30:35","guid":{"rendered":"https:\/\/mirjanamikulec.com\/o-nama-2\/"},"modified":"2024-01-18T14:58:10","modified_gmt":"2024-01-18T14:58:10","slug":"o-nama","status":"publish","type":"page","link":"https:\/\/mirjanamikulec.com\/hr\/o-nama\/","title":{"rendered":"O nama"},"content":{"rendered":"<p>[vc_row equal_height=&#8221;yes&#8221; row_content_width=&#8221;grid&#8221;][vc_column width=&#8221;1\/2&#8243;][vc_single_image image=&#8221;750&#8243; img_size=&#8221;large&#8221;][\/vc_column][vc_column width=&#8221;1\/2&#8243; el_class=&#8221;vertical-align-middle&#8221; css=&#8221;.vc_custom_1705355222658{padding-right: 80px !important;padding-left: 80px !important;}&#8221;][vc_column_text]Mirjana Mikulec jedna je od vode\u0107ih dizajnera interijera u Hrvatskoj, ali i \u0161ire. Iza dizajnerskog studija Mirjana Mikulec interijeri danas stoji vi\u0161e od tisu\u0107u projekata diljem Hrvatske i inozemstva. Mirjana je svoje znanje izbrusila na sveu\u010dili\u0161tu National Design Academy u Ujedinjenom Kraljevstvu, a njezin studio ve\u0107 je nekoliko puta nagra\u0111ivan presti\u017enom European Property Awards nagradom te German Design Award i BIG SEE nagradama.[\/vc_column_text][vc_raw_html css=&#8221;.vc_custom_1705531499451{margin-top: 8px !important;}&#8221;]JTNDZGl2JTIwY2xhc3MlM0QlMjJsb2dvcy1jb250YWluZXIlMjIlM0UlMEElMjAlMjAlM0NpbWclMjBzcmMlM0QlMjIlMkZ3cC1jb250ZW50JTJGdXBsb2FkcyUyRjIwMjQlMkYwMSUyRmdkYV93aW5uZXIucG5nJTIyJTNFJTBBJTIwJTIwJTNDaW1nJTIwc3JjJTNEJTIyJTJGd3AtY29udGVudCUyRnVwbG9hZHMlMkYyMDI0JTJGMDElMkZpbnRlcm5hdGlvbmFsLXByb3BlcnR5LWF3YXJkcy1sb2dvLUJXLnBuZyUyMiUzRSUwQSUyMCUyMCUzQ2ltZyUyMHNyYyUzRCUyMiUyRndwLWNvbnRlbnQlMkZ1cGxvYWRzJTJGMjAyNCUyRjAxJTJGYmlnLXNlZS1sb2dvLnBuZyUyMiUzRSUwQSUzQyUyRmRpdiUzRQ==[\/vc_raw_html][\/vc_column][\/vc_row][vc_row disable_element=&#8221;yes&#8221; row_content_width=&#8221;grid&#8221;][vc_column]<div class=\"qodef-image-info-section-holder  qodef-has-border  qodef-image-on-left-side\">\n    <div class=\"qodef-iis-image\">\n        <div class=\"qodef-iis-image-inner\">\n                                                <img loading=\"lazy\" decoding=\"async\" width=\"740\" height=\"490\" src=\"https:\/\/mirjanamikulec.com\/wp-content\/uploads\/2023\/04\/mirjana-mikulec.png\" class=\"attachment-full size-full\" alt=\"\" srcset=\"https:\/\/mirjanamikulec.com\/wp-content\/uploads\/2023\/04\/mirjana-mikulec.png 740w, https:\/\/mirjanamikulec.com\/wp-content\/uploads\/2023\/04\/mirjana-mikulec-300x199.png 300w\" sizes=\"auto, (max-width: 740px) 100vw, 740px\" \/>                                    <\/div>\n    <\/div>\n    <div class=\"qodef-iis-text-holder\">\n        <div class=\"qodef-iis-text-inner\">\n                                        <p class=\"qodef-iis-text\" style=\"margin-top: 14px\">Mirjana Mikulec jedna je od vode\u0107ih dizajnera interijera u Hrvatskoj, ali i \u0161ire. Iza dizajnerskog studija Mirjana Mikulec interiji danas stoji vi\u0161e od tisu\u0107u projekata diljem Hrvatske i inozemstva u 18 godina rada. Mirjana je svoje znanje izbrusila na sveu\u010dili\u0161tu National Design Academy u Ujedinjenom Kraljevstvu, a njezin studio ve\u0107 je nekoliko puta nagra\u0111ivan presti\u017enom European Property Awards nagradom te German Design Award i BIG SEE nagradama.<\/p>\n                                <\/div>\n    <\/div>\n<\/div>[\/vc_column][\/vc_row][vc_row row_content_width=&#8221;grid&#8221; css=&#8221;.vc_custom_1700426631735{margin-top: 120px !important;}&#8221;][vc_column]<div class=\"qodef-image-info-section-holder  qodef-has-border  qodef-image-on-right-side\">\n    <div class=\"qodef-iis-image\">\n        <div class=\"qodef-iis-image-inner\">\n                                                <img loading=\"lazy\" decoding=\"async\" width=\"1700\" height=\"1133\" src=\"https:\/\/mirjanamikulec.com\/wp-content\/uploads\/2023\/07\/Vitorio-1606.jpg\" class=\"attachment-full size-full\" alt=\"\" srcset=\"https:\/\/mirjanamikulec.com\/wp-content\/uploads\/2023\/07\/Vitorio-1606.jpg 1700w, https:\/\/mirjanamikulec.com\/wp-content\/uploads\/2023\/07\/Vitorio-1606-300x200.jpg 300w, https:\/\/mirjanamikulec.com\/wp-content\/uploads\/2023\/07\/Vitorio-1606-1024x682.jpg 1024w, https:\/\/mirjanamikulec.com\/wp-content\/uploads\/2023\/07\/Vitorio-1606-768x512.jpg 768w, https:\/\/mirjanamikulec.com\/wp-content\/uploads\/2023\/07\/Vitorio-1606-1536x1024.jpg 1536w\" sizes=\"auto, (max-width: 1700px) 100vw, 1700px\" \/>                                    <\/div>\n    <\/div>\n    <div class=\"qodef-iis-text-holder\">\n        <div class=\"qodef-iis-text-inner\">\n                                        <p class=\"qodef-iis-text\" style=\"margin-top: 14px\">Studio za dizajn interijera pod vodstvom Mirjane Mikulec djeluje od 2006. i jedan je od najuspje\u0161nijih u regiji. Studio \u010dini vi\u0161e od tridesetak zaposlenika razli\u010ditih struka - arhitekti, dizajneri interijera, arhitektonski tehni\u010dari, ali i medijski te marketin\u0161ki stru\u010dnjaci samo su neki od kreativaca koji djeluju pod vodstvom poznate dizajnerice interijera.<\/p>\n                                <\/div>\n    <\/div>\n<\/div>[vc_row_inner][vc_column_inner css=&#8221;.vc_custom_1700482576094{margin-top: -50px !important;}&#8221; offset=&#8221;vc_hidden-md vc_hidden-sm vc_hidden-xs&#8221;][\/vc_column_inner][\/vc_row_inner][vc_row_inner][vc_column_inner offset=&#8221;vc_hidden-lg&#8221;][vc_gallery type=&#8221;image_grid&#8221; images=&#8221;2884,2881,2887&#8243; img_size=&#8221;156&#215;150&#8243; onclick=&#8221;&#8221; css_animation=&#8221;fadeIn&#8221; css=&#8221;.vc_custom_1701813523373{margin-left: 30px !important;}&#8221;][\/vc_column_inner][\/vc_row_inner][\/vc_column][\/vc_row][vc_row row_content_width=&#8221;grid&#8221; css=&#8221;.vc_custom_1680278490971{padding-top: 120px !important;}&#8221;][vc_column]<div class=\"qodef-image-gallery qodef-grid-list qodef-disable-bottom-space  qodef-ig-grid-type qodef-three-columns qodef-normal-space  \">\n\t<div class=\"qodef-ig-inner qodef-outer-space\">\n\t\t\t\t\t<div class=\"qodef-ig-image qodef-item-space\">\n\t\t\t\t<div class=\"qodef-ig-image-inner\">\n\t\t\t\t\t\t\t\t\t\t\t<img loading=\"lazy\" decoding=\"async\" width=\"683\" height=\"1024\" src=\"https:\/\/mirjanamikulec.com\/wp-content\/uploads\/2023\/04\/dpc-3149-683x1024.jpg\" class=\"attachment-large size-large\" alt=\"\" srcset=\"https:\/\/mirjanamikulec.com\/wp-content\/uploads\/2023\/04\/dpc-3149-683x1024.jpg 683w, https:\/\/mirjanamikulec.com\/wp-content\/uploads\/2023\/04\/dpc-3149-200x300.jpg 200w, https:\/\/mirjanamikulec.com\/wp-content\/uploads\/2023\/04\/dpc-3149-768x1152.jpg 768w, https:\/\/mirjanamikulec.com\/wp-content\/uploads\/2023\/04\/dpc-3149-1024x1536.jpg 1024w, https:\/\/mirjanamikulec.com\/wp-content\/uploads\/2023\/04\/dpc-3149-1365x2048.jpg 1365w, https:\/\/mirjanamikulec.com\/wp-content\/uploads\/2023\/04\/dpc-3149-scaled.jpg 1707w\" sizes=\"auto, (max-width: 683px) 100vw, 683px\" \/>\t\t\t\t\t\t\t\t\t<\/div>\n\t\t\t<\/div>\n\t\t\t\t\t<div class=\"qodef-ig-image qodef-item-space\">\n\t\t\t\t<div class=\"qodef-ig-image-inner\">\n\t\t\t\t\t\t\t\t\t\t\t<img loading=\"lazy\" decoding=\"async\" width=\"683\" height=\"1024\" src=\"https:\/\/mirjanamikulec.com\/wp-content\/uploads\/2023\/04\/zad-9085-683x1024.jpg\" class=\"attachment-large size-large\" alt=\"\" srcset=\"https:\/\/mirjanamikulec.com\/wp-content\/uploads\/2023\/04\/zad-9085-683x1024.jpg 683w, https:\/\/mirjanamikulec.com\/wp-content\/uploads\/2023\/04\/zad-9085-200x300.jpg 200w, https:\/\/mirjanamikulec.com\/wp-content\/uploads\/2023\/04\/zad-9085-768x1152.jpg 768w, https:\/\/mirjanamikulec.com\/wp-content\/uploads\/2023\/04\/zad-9085-1024x1536.jpg 1024w, https:\/\/mirjanamikulec.com\/wp-content\/uploads\/2023\/04\/zad-9085-1365x2048.jpg 1365w, https:\/\/mirjanamikulec.com\/wp-content\/uploads\/2023\/04\/zad-9085-scaled.jpg 1707w\" sizes=\"auto, (max-width: 683px) 100vw, 683px\" \/>\t\t\t\t\t\t\t\t\t<\/div>\n\t\t\t<\/div>\n\t\t\t\t\t<div class=\"qodef-ig-image qodef-item-space\">\n\t\t\t\t<div class=\"qodef-ig-image-inner\">\n\t\t\t\t\t\t\t\t\t\t\t<img loading=\"lazy\" decoding=\"async\" width=\"683\" height=\"1024\" src=\"https:\/\/mirjanamikulec.com\/wp-content\/uploads\/2023\/04\/dpc-3153-683x1024.jpg\" class=\"attachment-large size-large\" alt=\"\" srcset=\"https:\/\/mirjanamikulec.com\/wp-content\/uploads\/2023\/04\/dpc-3153-683x1024.jpg 683w, https:\/\/mirjanamikulec.com\/wp-content\/uploads\/2023\/04\/dpc-3153-200x300.jpg 200w, https:\/\/mirjanamikulec.com\/wp-content\/uploads\/2023\/04\/dpc-3153-768x1152.jpg 768w, https:\/\/mirjanamikulec.com\/wp-content\/uploads\/2023\/04\/dpc-3153-1024x1536.jpg 1024w, https:\/\/mirjanamikulec.com\/wp-content\/uploads\/2023\/04\/dpc-3153-1365x2048.jpg 1365w, https:\/\/mirjanamikulec.com\/wp-content\/uploads\/2023\/04\/dpc-3153-scaled.jpg 1707w\" sizes=\"auto, (max-width: 683px) 100vw, 683px\" \/>\t\t\t\t\t\t\t\t\t<\/div>\n\t\t\t<\/div>\n\t\t\t<\/div>\n<\/div>[\/vc_column][\/vc_row][vc_row row_content_width=&#8221;grid&#8221; css=&#8221;.vc_custom_1680278739498{padding-top: 100px !important;}&#8221;][vc_column]<div class=\"qodef-image-info-section-holder  qodef-has-border  qodef-image-on-right-side\">\n    <div class=\"qodef-iis-image\">\n        <div class=\"qodef-iis-image-inner\">\n                                                <img loading=\"lazy\" decoding=\"async\" width=\"1920\" height=\"1280\" src=\"https:\/\/mirjanamikulec.com\/wp-content\/uploads\/2023\/04\/MM_Office.jpg\" class=\"attachment-full size-full\" alt=\"\" srcset=\"https:\/\/mirjanamikulec.com\/wp-content\/uploads\/2023\/04\/MM_Office.jpg 1920w, https:\/\/mirjanamikulec.com\/wp-content\/uploads\/2023\/04\/MM_Office-300x200.jpg 300w, https:\/\/mirjanamikulec.com\/wp-content\/uploads\/2023\/04\/MM_Office-1024x683.jpg 1024w, https:\/\/mirjanamikulec.com\/wp-content\/uploads\/2023\/04\/MM_Office-768x512.jpg 768w, https:\/\/mirjanamikulec.com\/wp-content\/uploads\/2023\/04\/MM_Office-1536x1024.jpg 1536w\" sizes=\"auto, (max-width: 1920px) 100vw, 1920px\" \/>                                    <\/div>\n    <\/div>\n    <div class=\"qodef-iis-text-holder\">\n        <div class=\"qodef-iis-text-inner\">\n                                        <p class=\"qodef-iis-text\" style=\"margin-top: 14px\">S preko tisu\u0107u idejnih i izvedbenih projekata u Hrvatskoj i inozemstvu, studio Mirjana Mikulec Interijeri jedan je od vode\u0107ih dizajnerskih studija u Hrvatskoj i regiji. Osim toga, Mikulec je sa svojim timom prije 6 godina pokrenula i Sajam interijera u Areni Zagreb gdje okuplja mnoge doma\u0107e i inozemne proizvo\u0111a\u010de, kao i sve zaljubljenike u arhitekturu i dizajn, a 2019. otvorena je i \u0160kola za dizajn interijera u Zagrebu.<\/p>\n                                <\/div>\n    <\/div>\n<\/div>[\/vc_column][\/vc_row][vc_row row_content_width=&#8221;grid&#8221; css=&#8221;.vc_custom_1680660858494{padding-top: 80px !important;padding-bottom: 120px !important;}&#8221;][vc_column css=&#8221;.vc_custom_1680660819037{background-image: url(https:\/\/mirjanamikulec.com\/wp-content\/uploads\/2023\/04\/sou-9162.jpg?id=1488) !important;background-position: center !important;background-repeat: no-repeat !important;background-size: cover !important;}&#8221;]<div class=\"qodef-elements-holder   qodef-one-column  qodef-responsive-mode-768   \" ><div class=\"qodef-eh-item     \" style=\"background-image: url()\" data-item-class=\"qodef-eh-custom-7631\" data-1024-1366=\"100px 180px\" data-768-1024=\"100px 80px\" data-680-768=\"100px 50px\" data-680=\"100px 10px\">\n\t<div class=\"qodef-eh-item-inner\">\n\t\t<div class=\"qodef-eh-item-content qodef-eh-custom-7631\" style=\"padding: 130px 250px 100px\">\n\t\t\t<div class=\"qodef-section-title-holder text-shadow-1 qodef-st-corners qodef-st-title-left qodef-st-normal-space  \" style=\"text-align: center\">\n\t<div class=\"qodef-st-inner\">\n                    <span class=\"qodef-corner-line line-1\"><\/span>\n            <span class=\"qodef-corner-line line-2\"><\/span>\n            <span class=\"qodef-corner-line line-3\"><\/span>\n            <span class=\"qodef-corner-line line-4\"><\/span>\n        \t\t\t\t\t\t\t<span class=\"qodef-st-text\" style=\"color: #ffffff;font-weight: 500\">\n\t\t\t\tStudio nudi usluge idejnog i izvedbenog rje\u0161enja, kao i izvedbu po principu klju\u010d u ruke. Osim samog dizajna studio se bavi opremanjem privatnih i javnih prostora. Rad studija te\u0161ko mo\u017eete smjestiti u neki odre\u0111eni stil budu\u0107i da svakom prostoru i klijentu pristupa individualno, a studio broji vi\u0161e od 10 ovla\u0161tenih arhitekata. Mirjana Mikulec osim studija za dizajn interijera iza sebe ima TV emisiju koja se ve\u0107 12 godina emitira na RTL Televiziji, 11 knjiga o interijerima, \u0161kolu za dizajn interijera, agenciju za nekretnine te vlastitu liniju proizvoda.\t\t\t<\/span>\n\t\t\t<\/div>\n<\/div>\t\t<\/div>\n\t<\/div>\n<\/div><\/div>[\/vc_column][\/vc_row]<\/p>\n","protected":false},"excerpt":{"rendered":"<p>[vc_row equal_height=&#8221;yes&#8221; row_content_width=&#8221;grid&#8221;][vc_column width=&#8221;1\/2&#8243;][vc_single_image image=&#8221;750&#8243; img_size=&#8221;large&#8221;][\/vc_column][vc_column width=&#8221;1\/2&#8243; el_class=&#8221;vertical-align-middle&#8221; css=&#8221;.vc_custom_1705355222658{padding-right: 80px !important;padding-left: 80px !important;}&#8221;][vc_column_text]Mirjana Mikulec jedna je od vode\u0107ih dizajnera interijera u Hrvatskoj, ali i \u0161ire. Iza dizajnerskog studija Mirjana Mikulec interijeri danas stoji vi\u0161e od tisu\u0107u projekata diljem Hrvatske i inozemstva. Mirjana je svoje znanje izbrusila na sveu\u010dili\u0161tu National Design [&hellip;]<\/p>\n","protected":false},"author":7,"featured_media":0,"parent":0,"menu_order":0,"comment_status":"closed","ping_status":"closed","template":"full-width.php","meta":{"footnotes":""},"class_list":["post-2703","page","type-page","status-publish","hentry"],"yoast_head":"<!-- This site is optimized with the Yoast SEO plugin v24.7 - https:\/\/yoast.com\/wordpress\/plugins\/seo\/ -->\n<title>O nama | Mirjana Mikulec Interior Design<\/title>\n<meta name=\"description\" content=\"Mirjana Mikulec jedna je od vode\u0107ih dizajnera interijera u Hrvatskoj, ali i \u0161ire. Iza dizajnerskog studija Mirjana Mikulec interiji danas stoji vi\u0161e od tisu\u0107u projekata diljem Hrvatske i inozemstva u 18 godina rada. Studio za dizajn interijera pod vodstvom Mirjane Mikulec djeluje ve\u0107 18 godina i jedan je od najuspje\u0161nijih u regiji.\" \/>\n<meta name=\"robots\" content=\"index, follow, max-snippet:-1, max-image-preview:large, max-video-preview:-1\" \/>\n<link rel=\"canonical\" href=\"https:\/\/mirjanamikulec.com\/hr\/o-nama\/\" \/>\n<meta property=\"og:locale\" content=\"hr_HR\" \/>\n<meta property=\"og:type\" content=\"article\" \/>\n<meta property=\"og:title\" content=\"O nama | Mirjana Mikulec Interior Design\" \/>\n<meta property=\"og:description\" content=\"Mirjana Mikulec jedna je od vode\u0107ih dizajnera interijera u Hrvatskoj, ali i \u0161ire. Iza dizajnerskog studija Mirjana Mikulec interiji danas stoji vi\u0161e od tisu\u0107u projekata diljem Hrvatske i inozemstva u 18 godina rada. Studio za dizajn interijera pod vodstvom Mirjane Mikulec djeluje ve\u0107 18 godina i jedan je od najuspje\u0161nijih u regiji.\" \/>\n<meta property=\"og:url\" content=\"https:\/\/mirjanamikulec.com\/hr\/o-nama\/\" \/>\n<meta property=\"og:site_name\" content=\"Mirjana Mikulec Interior Design\" \/>\n<meta property=\"article:publisher\" content=\"https:\/\/www.facebook.com\/mirjanamikulecinterijeri\" \/>\n<meta property=\"article:modified_time\" content=\"2024-01-18T14:58:10+00:00\" \/>\n<meta property=\"og:image\" content=\"https:\/\/mirjanamikulec.com\/wp-content\/uploads\/2023\/05\/MMI-INTERIOR-DESIGN-Paris-London-Zagreb-LOGO.png\" \/>\n\t<meta property=\"og:image:width\" content=\"1050\" \/>\n\t<meta property=\"og:image:height\" content=\"670\" \/>\n\t<meta property=\"og:image:type\" content=\"image\/png\" \/>\n<meta name=\"twitter:card\" content=\"summary_large_image\" \/>\n<meta name=\"twitter:label1\" content=\"Procijenjeno vrijeme \u010ditanja\" \/>\n\t<meta name=\"twitter:data1\" content=\"2 minute\" \/>\n<script type=\"application\/ld+json\" class=\"yoast-schema-graph\">{\"@context\":\"https:\/\/schema.org\",\"@graph\":[{\"@type\":\"WebPage\",\"@id\":\"https:\/\/mirjanamikulec.com\/hr\/o-nama\/\",\"url\":\"https:\/\/mirjanamikulec.com\/hr\/o-nama\/\",\"name\":\"O nama | Mirjana Mikulec Interior Design\",\"isPartOf\":{\"@id\":\"https:\/\/mirjanamikulec.com\/hr\/#website\"},\"datePublished\":\"2023-11-19T20:30:35+00:00\",\"dateModified\":\"2024-01-18T14:58:10+00:00\",\"description\":\"Mirjana Mikulec jedna je od vode\u0107ih dizajnera interijera u Hrvatskoj, ali i \u0161ire. Iza dizajnerskog studija Mirjana Mikulec interiji danas stoji vi\u0161e od tisu\u0107u projekata diljem Hrvatske i inozemstva u 18 godina rada. Studio za dizajn interijera pod vodstvom Mirjane Mikulec djeluje ve\u0107 18 godina i jedan je od najuspje\u0161nijih u regiji.\",\"breadcrumb\":{\"@id\":\"https:\/\/mirjanamikulec.com\/hr\/o-nama\/#breadcrumb\"},\"inLanguage\":\"hr\",\"potentialAction\":[{\"@type\":\"ReadAction\",\"target\":[\"https:\/\/mirjanamikulec.com\/hr\/o-nama\/\"]}]},{\"@type\":\"BreadcrumbList\",\"@id\":\"https:\/\/mirjanamikulec.com\/hr\/o-nama\/#breadcrumb\",\"itemListElement\":[{\"@type\":\"ListItem\",\"position\":1,\"name\":\"Home\",\"item\":\"https:\/\/mirjanamikulec.com\/hr\/\"},{\"@type\":\"ListItem\",\"position\":2,\"name\":\"O nama\"}]},{\"@type\":\"WebSite\",\"@id\":\"https:\/\/mirjanamikulec.com\/hr\/#website\",\"url\":\"https:\/\/mirjanamikulec.com\/hr\/\",\"name\":\"Mirjana Mikulec\",\"description\":\"Interior Design\",\"publisher\":{\"@id\":\"https:\/\/mirjanamikulec.com\/hr\/#organization\"},\"potentialAction\":[{\"@type\":\"SearchAction\",\"target\":{\"@type\":\"EntryPoint\",\"urlTemplate\":\"https:\/\/mirjanamikulec.com\/hr\/?s={search_term_string}\"},\"query-input\":{\"@type\":\"PropertyValueSpecification\",\"valueRequired\":true,\"valueName\":\"search_term_string\"}}],\"inLanguage\":\"hr\"},{\"@type\":\"Organization\",\"@id\":\"https:\/\/mirjanamikulec.com\/hr\/#organization\",\"name\":\"Mirjana Mikulec\",\"url\":\"https:\/\/mirjanamikulec.com\/hr\/\",\"logo\":{\"@type\":\"ImageObject\",\"inLanguage\":\"hr\",\"@id\":\"https:\/\/mirjanamikulec.com\/hr\/#\/schema\/logo\/image\/\",\"url\":\"https:\/\/mirjanamikulec.com\/wp-content\/uploads\/2023\/03\/Mirjana_Mikulec_logo_1x.png\",\"contentUrl\":\"https:\/\/mirjanamikulec.com\/wp-content\/uploads\/2023\/03\/Mirjana_Mikulec_logo_1x.png\",\"width\":342,\"height\":89,\"caption\":\"Mirjana Mikulec\"},\"image\":{\"@id\":\"https:\/\/mirjanamikulec.com\/hr\/#\/schema\/logo\/image\/\"},\"sameAs\":[\"https:\/\/www.facebook.com\/mirjanamikulecinterijeri\",\"https:\/\/www.instagram.com\/mirjana_mikulec\/\"]}]}<\/script>\n<!-- \/ Yoast SEO plugin. -->","yoast_head_json":{"title":"O nama | Mirjana Mikulec Interior Design","description":"Mirjana Mikulec jedna je od vode\u0107ih dizajnera interijera u Hrvatskoj, ali i \u0161ire. Iza dizajnerskog studija Mirjana Mikulec interiji danas stoji vi\u0161e od tisu\u0107u projekata diljem Hrvatske i inozemstva u 18 godina rada. Studio za dizajn interijera pod vodstvom Mirjane Mikulec djeluje ve\u0107 18 godina i jedan je od najuspje\u0161nijih u regiji.","robots":{"index":"index","follow":"follow","max-snippet":"max-snippet:-1","max-image-preview":"max-image-preview:large","max-video-preview":"max-video-preview:-1"},"canonical":"https:\/\/mirjanamikulec.com\/hr\/o-nama\/","og_locale":"hr_HR","og_type":"article","og_title":"O nama | Mirjana Mikulec Interior Design","og_description":"Mirjana Mikulec jedna je od vode\u0107ih dizajnera interijera u Hrvatskoj, ali i \u0161ire. Iza dizajnerskog studija Mirjana Mikulec interiji danas stoji vi\u0161e od tisu\u0107u projekata diljem Hrvatske i inozemstva u 18 godina rada. Studio za dizajn interijera pod vodstvom Mirjane Mikulec djeluje ve\u0107 18 godina i jedan je od najuspje\u0161nijih u regiji.","og_url":"https:\/\/mirjanamikulec.com\/hr\/o-nama\/","og_site_name":"Mirjana Mikulec Interior Design","article_publisher":"https:\/\/www.facebook.com\/mirjanamikulecinterijeri","article_modified_time":"2024-01-18T14:58:10+00:00","og_image":[{"width":1050,"height":670,"url":"https:\/\/mirjanamikulec.com\/wp-content\/uploads\/2023\/05\/MMI-INTERIOR-DESIGN-Paris-London-Zagreb-LOGO.png","type":"image\/png"}],"twitter_card":"summary_large_image","twitter_misc":{"Procijenjeno vrijeme \u010ditanja":"2 minute"},"schema":{"@context":"https:\/\/schema.org","@graph":[{"@type":"WebPage","@id":"https:\/\/mirjanamikulec.com\/hr\/o-nama\/","url":"https:\/\/mirjanamikulec.com\/hr\/o-nama\/","name":"O nama | Mirjana Mikulec Interior Design","isPartOf":{"@id":"https:\/\/mirjanamikulec.com\/hr\/#website"},"datePublished":"2023-11-19T20:30:35+00:00","dateModified":"2024-01-18T14:58:10+00:00","description":"Mirjana Mikulec jedna je od vode\u0107ih dizajnera interijera u Hrvatskoj, ali i \u0161ire. Iza dizajnerskog studija Mirjana Mikulec interiji danas stoji vi\u0161e od tisu\u0107u projekata diljem Hrvatske i inozemstva u 18 godina rada. Studio za dizajn interijera pod vodstvom Mirjane Mikulec djeluje ve\u0107 18 godina i jedan je od najuspje\u0161nijih u regiji.","breadcrumb":{"@id":"https:\/\/mirjanamikulec.com\/hr\/o-nama\/#breadcrumb"},"inLanguage":"hr","potentialAction":[{"@type":"ReadAction","target":["https:\/\/mirjanamikulec.com\/hr\/o-nama\/"]}]},{"@type":"BreadcrumbList","@id":"https:\/\/mirjanamikulec.com\/hr\/o-nama\/#breadcrumb","itemListElement":[{"@type":"ListItem","position":1,"name":"Home","item":"https:\/\/mirjanamikulec.com\/hr\/"},{"@type":"ListItem","position":2,"name":"O nama"}]},{"@type":"WebSite","@id":"https:\/\/mirjanamikulec.com\/hr\/#website","url":"https:\/\/mirjanamikulec.com\/hr\/","name":"Mirjana Mikulec","description":"Interior Design","publisher":{"@id":"https:\/\/mirjanamikulec.com\/hr\/#organization"},"potentialAction":[{"@type":"SearchAction","target":{"@type":"EntryPoint","urlTemplate":"https:\/\/mirjanamikulec.com\/hr\/?s={search_term_string}"},"query-input":{"@type":"PropertyValueSpecification","valueRequired":true,"valueName":"search_term_string"}}],"inLanguage":"hr"},{"@type":"Organization","@id":"https:\/\/mirjanamikulec.com\/hr\/#organization","name":"Mirjana Mikulec","url":"https:\/\/mirjanamikulec.com\/hr\/","logo":{"@type":"ImageObject","inLanguage":"hr","@id":"https:\/\/mirjanamikulec.com\/hr\/#\/schema\/logo\/image\/","url":"https:\/\/mirjanamikulec.com\/wp-content\/uploads\/2023\/03\/Mirjana_Mikulec_logo_1x.png","contentUrl":"https:\/\/mirjanamikulec.com\/wp-content\/uploads\/2023\/03\/Mirjana_Mikulec_logo_1x.png","width":342,"height":89,"caption":"Mirjana Mikulec"},"image":{"@id":"https:\/\/mirjanamikulec.com\/hr\/#\/schema\/logo\/image\/"},"sameAs":["https:\/\/www.facebook.com\/mirjanamikulecinterijeri","https:\/\/www.instagram.com\/mirjana_mikulec\/"]}]}},"_links":{"self":[{"href":"https:\/\/mirjanamikulec.com\/hr\/wp-json\/wp\/v2\/pages\/2703","targetHints":{"allow":["GET"]}}],"collection":[{"href":"https:\/\/mirjanamikulec.com\/hr\/wp-json\/wp\/v2\/pages"}],"about":[{"href":"https:\/\/mirjanamikulec.com\/hr\/wp-json\/wp\/v2\/types\/page"}],"author":[{"embeddable":true,"href":"https:\/\/mirjanamikulec.com\/hr\/wp-json\/wp\/v2\/users\/7"}],"replies":[{"embeddable":true,"href":"https:\/\/mirjanamikulec.com\/hr\/wp-json\/wp\/v2\/comments?post=2703"}],"version-history":[{"count":78,"href":"https:\/\/mirjanamikulec.com\/hr\/wp-json\/wp\/v2\/pages\/2703\/revisions"}],"predecessor-version":[{"id":3036,"href":"https:\/\/mirjanamikulec.com\/hr\/wp-json\/wp\/v2\/pages\/2703\/revisions\/3036"}],"wp:attachment":[{"href":"https:\/\/mirjanamikulec.com\/hr\/wp-json\/wp\/v2\/media?parent=2703"}],"curies":[{"name":"wp","href":"https:\/\/api.w.org\/{rel}","templated":true}]}}